{"id":23125,"date":"2026-02-04T10:06:44","date_gmt":"2026-02-04T09:06:44","guid":{"rendered":"https:\/\/samples.app\/approach\/"},"modified":"2026-03-14T01:53:51","modified_gmt":"2026-03-14T00:53:51","slug":"approach","status":"publish","type":"page","link":"https:\/\/samples.app\/en\/approach\/","title":{"rendered":"Approach"},"content":{"rendered":"<p>[et_pb_section fb_built=&#8221;1&#8243; _builder_version=&#8221;4.27.5&#8243; _module_preset=&#8221;default&#8221; global_colors_info=&#8221;{}&#8221;][et_pb_row module_class=&#8221;row-heading&#8221; _builder_version=&#8221;4.27.4&#8243; _module_preset=&#8221;default&#8221; global_colors_info=&#8221;{}&#8221;][et_pb_column type=&#8221;4_4&#8243; _builder_version=&#8221;4.27.4&#8243; _module_preset=&#8221;default&#8221; global_colors_info=&#8221;{}&#8221;][et_pb_text module_class=&#8221;heading&#8221; _builder_version=&#8221;4.27.6&#8243; _module_preset=&#8221;default&#8221; hover_enabled=&#8221;0&#8243; global_colors_info=&#8221;{}&#8221; sticky_enabled=&#8221;0&#8243;]<\/p>\n<h1 style=\"text-align: center;\">You can find us here<\/h1>\n<p>[\/et_pb_text][et_pb_text module_class=&#8221;description&#8221; _builder_version=&#8221;4.27.6&#8243; _module_preset=&#8221;default&#8221; global_colors_info=&#8221;{}&#8221;]<\/p>\n<p style=\"text-align: center;\">qualitype GmbH<br \/>Moritzburger Weg 67\/House E, 01109 Dresden<\/p>\n<p>[\/et_pb_text][\/et_pb_column][\/et_pb_row][et_pb_row _builder_version=&#8221;4.27.5&#8243; _module_preset=&#8221;default&#8221; global_colors_info=&#8221;{}&#8221;][et_pb_column type=&#8221;4_4&#8243; _builder_version=&#8221;4.27.5&#8243; _module_preset=&#8221;default&#8221; global_colors_info=&#8221;{}&#8221;][et_pb_code _builder_version=&#8221;4.27.6&#8243; _module_preset=&#8221;default&#8221; global_module=&#8221;22940&#8243; saved_tabs=&#8221;all&#8221; global_colors_info=&#8221;{}&#8221;]<iframe src=\"about:blank\" data-src=\"https:\/\/www.google.com\/maps\/embed?pb=!1m18!1m12!1m3!1d1053.2346268348988!2d13.757028026207736!3d51.10793942539272!2m3!1f0!2f0!3f0!3m2!1i1024!2i768!4f13.1!3m3!1m2!1s0x4709ce93e60555c3%3A0x6fd9eb8546a63551!2squalitype%20GmbH!5e0!3m2!1sen!2sde!4v1772627540419!5m2!1sen!2sde\" data-cookiescript=\"accepted\" data-cookiecategory=\"functionality\" alt=\"Please accept the Functional Cookies to view the map.<br>Google's privacy policy applies: https:\/\/policies.google.com\/privacy\"  width=\"600\" height=\"450\" style=\"border:0;\" allowfullscreen=\"\"  referrerpolicy=\"no-referrer-when-downgrade\"><\/iframe>[\/et_pb_code][\/et_pb_column][\/et_pb_row][\/et_pb_section][et_pb_section fb_built=&#8221;1&#8243; disabled_on=&#8221;off|off|off&#8221; module_id=&#8221;newsletter&#8221; _builder_version=&#8221;4.27.4&#8243; _module_preset=&#8221;default&#8221; custom_margin=&#8221;|0px||0px|false|true&#8221; disabled=&#8221;on&#8221; global_module=&#8221;3031&#8243; saved_tabs=&#8221;all&#8221; global_colors_info=&#8221;{}&#8221;][et_pb_row disabled_on=&#8221;off|off|off&#8221; admin_label=&#8221;Use of external tools &#8211; line&#8221; _builder_version=&#8221;4.20.2&#8243; _module_preset=&#8221;default&#8221; background_enable_color=&#8221;off&#8221; width_tablet=&#8221;&#8221; width_phone=&#8221;90%&#8221; width_last_edited=&#8221;on|desktop&#8221; max_width=&#8221;800px&#8221; module_alignment=&#8221;center&#8221; custom_margin=&#8221;||||false|false&#8221; custom_padding=&#8221;||||false|false&#8221; locked=&#8221;off&#8221; global_colors_info=&#8221;{%22gcid-bbfc3b6a-0ea6-4fc2-8082-ef195d62e035%22:%91%22background_color_gradient_stops%22%93,%22gcid-5cff54c6-7721-49f8-92ba-303827f1998b%22:%91%22background_color_gradient_stops%22%93,%22gcid-03679be8-3754-481b-8df8-ebe64d51f5e5%22:%91%22background_color_gradient_stops%22%93,%22gcid-765d2f3f-1fde-4220-99b6-d2272684485b%22:%91%22background_color%22%93}&#8221;][et_pb_column type=&#8221;4_4&#8243; _builder_version=&#8221;4.20.0&#8243; _module_preset=&#8221;default&#8221; global_colors_info=&#8221;{}&#8221;][et_pb_text _builder_version=&#8221;4.27.4&#8243; _module_preset=&#8221;default&#8221; global_colors_info=&#8221;{}&#8221;]<\/p>\n<h1 style=\"text-align: center;\">Register now!<\/h1>\n<p>[\/et_pb_text][et_pb_text _builder_version=&#8221;4.27.4&#8243; _module_preset=&#8221;default&#8221; global_colors_info=&#8221;{}&#8221;]<\/p>\n<p style=\"text-align: center;\">New features, tutorials, user tips and promotional offers:<br \/>Stay up to date with our monthly newsletter!<\/p>\n<p>[\/et_pb_text][et_pb_code raw_content_last_edited=&#8221;off|desktop&#8221; _builder_version=&#8221;4.27.4&#8243; _module_preset=&#8221;default&#8221; global_colors_info=&#8221;{}&#8221;]<!-- Begin Brevo Form --><!-- [et_pb_line_break_holder] --><!-- START - We recommend to place the below code in head tag of your website html  --><!-- [et_pb_line_break_holder] --><\/p>\n<style><!-- [et_pb_line_break_holder] -->  @font-face {<!-- [et_pb_line_break_holder] -->    font-display: block;<!-- [et_pb_line_break_holder] -->    font-family: Roboto;<!-- [et_pb_line_break_holder] -->    src: url(https:\/\/assets.brevo.com\/font\/Roboto\/Latin\/normal\/normal\/7529907e9eaf8ebb5220c5f9850e3811.woff2) format(\"woff2\"), url(https:\/\/assets.brevo.com\/font\/Roboto\/Latin\/normal\/normal\/25c678feafdc175a70922a116c9be3e7.woff) format(\"woff\")<!-- [et_pb_line_break_holder] -->  }<!-- [et_pb_line_break_holder] --><!-- [et_pb_line_break_holder] -->  @font-face {<!-- [et_pb_line_break_holder] -->    font-display: fallback;<!-- [et_pb_line_break_holder] -->    font-family: Roboto;<!-- [et_pb_line_break_holder] -->    font-weight: 600;<!-- [et_pb_line_break_holder] -->    src: url(https:\/\/assets.brevo.com\/font\/Roboto\/Latin\/medium\/normal\/6e9caeeafb1f3491be3e32744bc30440.woff2) format(\"woff2\"), url(https:\/\/assets.brevo.com\/font\/Roboto\/Latin\/medium\/normal\/71501f0d8d5aa95960f6475d5487d4c2.woff) format(\"woff\")<!-- [et_pb_line_break_holder] -->  }<!-- [et_pb_line_break_holder] --><!-- [et_pb_line_break_holder] -->  @font-face {<!-- [et_pb_line_break_holder] -->    font-display: fallback;<!-- [et_pb_line_break_holder] -->    font-family: Roboto;<!-- [et_pb_line_break_holder] -->    font-weight: 700;<!-- [et_pb_line_break_holder] -->    src: url(https:\/\/assets.brevo.com\/font\/Roboto\/Latin\/bold\/normal\/3ef7cf158f310cf752d5ad08cd0e7e60.woff2) format(\"woff2\"), url(https:\/\/assets.brevo.com\/font\/Roboto\/Latin\/bold\/normal\/ece3a1d82f18b60bcce0211725c476aa.woff) format(\"woff\")<!-- [et_pb_line_break_holder] -->  }<!-- [et_pb_line_break_holder] --><!-- [et_pb_line_break_holder] -->  #sib-container input:-ms-input-placeholder {<!-- [et_pb_line_break_holder] -->    text-align: left;<!-- [et_pb_line_break_holder] -->    font-family: \"Helvetica\", sans-serif;<!-- [et_pb_line_break_holder] -->    color: #c0ccda;<!-- [et_pb_line_break_holder] -->  }<!-- [et_pb_line_break_holder] --><!-- [et_pb_line_break_holder] -->  #sib-container input::placeholder {<!-- [et_pb_line_break_holder] -->    text-align: left;<!-- [et_pb_line_break_holder] -->    font-family: \"Helvetica\", sans-serif;<!-- [et_pb_line_break_holder] -->    color: #c0ccda;<!-- [et_pb_line_break_holder] -->  }<!-- [et_pb_line_break_holder] --><!-- [et_pb_line_break_holder] -->  #sib-container textarea::placeholder {<!-- [et_pb_line_break_holder] -->    text-align: left;<!-- [et_pb_line_break_holder] -->    font-family: \"Helvetica\", sans-serif;<!-- [et_pb_line_break_holder] -->    color: #c0ccda;<!-- [et_pb_line_break_holder] -->  }<!-- [et_pb_line_break_holder] --><!-- [et_pb_line_break_holder] -->  #sib-container a {<!-- [et_pb_line_break_holder] -->    text-decoration: underline;<!-- [et_pb_line_break_holder] -->    color: #2BB2FC;<!-- [et_pb_line_break_holder] -->  }<!-- [et_pb_line_break_holder] --><\/style>\n<p><!-- [et_pb_line_break_holder] --><link rel=\"stylesheet\" href=\"https:\/\/sibforms.com\/forms\/end-form\/build\/sib-styles.css\"><!-- [et_pb_line_break_holder] --><!--  END - We recommend to place the above code in head tag of your website html --><!-- [et_pb_line_break_holder] --><!-- [et_pb_line_break_holder] --><!-- START - We recommend to place the below code where you want the form in your website html  --><!-- [et_pb_line_break_holder] --><\/p>\n<div class=\"sib-form\" style=\"text-align: center;         background-color: transparent;                                  \"><!-- [et_pb_line_break_holder] -->  <\/p>\n<div id=\"sib-form-container\" class=\"sib-form-container\"><!-- [et_pb_line_break_holder] -->    <\/p>\n<div id=\"error-message\" class=\"sib-form-message-panel\" style=\"font-size:16px; text-align:left; font-family:\" helvetica=\"\" sans-serif=\"\" color:=\"\" background-color:=\"\" border-radius:3px=\"\" border-color:=\"\"><!-- [et_pb_line_break_holder] -->      <\/p>\n<div class=\"sib-form-message-panel__text sib-form-message-panel__text--center\"><!-- [et_pb_line_break_holder] -->        <svg viewbox=\"0 0 512 512\" class=\"sib-icon sib-notification__icon\"><!-- [et_pb_line_break_holder] -->          <path d=\"M256 40c118.621 0 216 96.075 216 216 0 119.291-96.61 216-216 216-119.244 0-216-96.562-216-216 0-119.203 96.602-216 216-216m0-32C119.043 8 8 119.083 8 256c0 136.997 111.043 248 248 248s248-111.003 248-248C504 119.083 392.957 8 256 8zm-11.49 120h22.979c6.823 0 12.274 5.682 11.99 12.5l-7 168c-.268 6.428-5.556 11.5-11.99 11.5h-8.979c-6.433 0-11.722-5.073-11.99-11.5l-7-168c-.283-6.818 5.167-12.5 11.99-12.5zM256 340c-15.464 0-28 12.536-28 28s12.536 28 28 28 28-12.536 28-28-12.536-28-28-28z\"\/><!-- [et_pb_line_break_holder] -->        <\/svg><!-- [et_pb_line_break_holder] -->        <span class=\"sib-form-message-panel__inner-text\"><!-- [et_pb_line_break_holder] -->  Your registration could not be saved. Please try again.<!-- [et_pb_line_break_holder] -->                      <\/span><!-- [et_pb_line_break_holder] -->      <\/div>\n<p><!-- [et_pb_line_break_holder] -->    <\/div>\n<p><!-- [et_pb_line_break_holder] -->    <\/p>\n<div><\/div>\n<p><!-- [et_pb_line_break_holder] -->    <\/p>\n<div id=\"success-message\" class=\"sib-form-message-panel\" style=\"font-size:16px; text-align:left; font-family:\" helvetica=\"\" sans-serif=\"\" color:=\"\" background-color:=\"\" border-radius:3px=\"\" border-color:=\"\"><!-- [et_pb_line_break_holder] -->      <\/p>\n<div class=\"sib-form-message-panel__text sib-form-message-panel__text--center\"><!-- [et_pb_line_break_holder] -->        <svg viewbox=\"0 0 512 512\" class=\"sib-icon sib-notification__icon\"><!-- [et_pb_line_break_holder] -->          <path d=\"M256 8C119.033 8 8 119.033 8 256s111.033 248 248 248 248-111.033 248-248S392.967 8 256 8zm0 464c-118.664 0-216-96.055-216-216 0-118.663 96.055-216 216-216 118.664 0 216 96.055 216 216 0 118.663-96.055 216-216 216zm141.63-274.961L217.15 376.071c-4.705 4.667-12.303 4.637-16.97-.068l-85.878-86.572c-4.667-4.705-4.637-12.303.068-16.97l8.52-8.451c4.705-4.667 12.303-4.637 16.97.068l68.976 69.533 163.441-162.13c4.705-4.667 12.303-4.637 16.97.068l8.451 8.52c4.668 4.705 4.637 12.303-.068 16.97z\"\/><!-- [et_pb_line_break_holder] -->        <\/svg><!-- [et_pb_line_break_holder] -->        <span class=\"sib-form-message-panel__inner-text\"><!-- [et_pb_line_break_holder] --> Super! Your registration was successful. At the same time you will receive an e-mail. Please confirm your registration for the newsletter in this e-mail. <!-- [et_pb_line_break_holder] -->                      <\/span><!-- [et_pb_line_break_holder] -->      <\/div>\n<p><!-- [et_pb_line_break_holder] -->    <\/div>\n<p><!-- [et_pb_line_break_holder] -->    <\/p>\n<div><\/div>\n<p><!-- [et_pb_line_break_holder] -->    <\/p>\n<div id=\"sib-container\" class=\"sib-container--large sib-container--vertical\" style=\"text-align:center; background-color:rgba(255,255,255,1); max-width:540px; border-radius:3px; border-width:1px; border-color:#C0CCD9; border-style:solid; direction:ltr\"><!-- [et_pb_line_break_holder] -->      <\/p>\n<form id=\"sib-form\" method=\"POST\" action=\"https:\/\/3650981a.sibforms.com\/serve\/MUIFAI-PQJpkgbtae5mtSRoCnfx8vcjpZujiLJAGkAFUIZpi9X7ixGXPZtwvZzZrWZcOetnMbwf6KJkVt3canENR_w_w-eGRpITcNvzN2ChJm05Q5EkZHZ50oEeJ9vwmfyfPsJ3uNAm9ghsh9ivbccBWSL56RcTAZdup16TlfwgMxSda6TUTUiz5G4pl8la3MWpeLvuWNJ4EWglS\" data-type=\"subscription\"><!-- [et_pb_line_break_holder] -->        <\/p>\n<div style=\"padding: 8px 0;\"><!-- [et_pb_line_break_holder] -->          <\/p>\n<div class=\"sib-input sib-form-block\"><!-- [et_pb_line_break_holder] -->            <\/p>\n<div class=\"form__entry entry_block\"><!-- [et_pb_line_break_holder] -->              <\/p>\n<div class=\"form__label-row \"><!-- [et_pb_line_break_holder] --><!-- [et_pb_line_break_holder] -->                <\/p>\n<div class=\"entry__field\"><!-- [et_pb_line_break_holder] -->                  <input class=\"input \" maxlength=\"200\" type=\"text\" id=\"VORNAME\" name=\"VORNAME\" autocomplete=\"off\" placeholder=\"FIRST NAME*\" data-required=\"true\" required=\"\"><!-- [et_pb_line_break_holder] -->                <\/div>\n<p><!-- [et_pb_line_break_holder] -->              <\/div>\n<p><!-- [et_pb_line_break_holder] --><!-- [et_pb_line_break_holder] -->              <label class=\"entry__error entry__error--primary\" style=\"font-size:16px; text-align:left; font-family:\" helvetica=\"\" sans-serif=\"\" color:=\"\" background-color:=\"\" border-radius:3px=\"\" border-color:=\"\"><!-- [et_pb_line_break_holder] -->              <\/label><!-- [et_pb_line_break_holder] -->            <\/div>\n<p><!-- [et_pb_line_break_holder] -->          <\/div>\n<p><!-- [et_pb_line_break_holder] -->        <\/div>\n<p><!-- [et_pb_line_break_holder] -->        <\/p>\n<div style=\"padding: 8px 0;\"><!-- [et_pb_line_break_holder] -->          <\/p>\n<div class=\"sib-input sib-form-block\"><!-- [et_pb_line_break_holder] -->            <\/p>\n<div class=\"form__entry entry_block\"><!-- [et_pb_line_break_holder] -->              <\/p>\n<div class=\"form__label-row \"><!-- [et_pb_line_break_holder] --><!-- [et_pb_line_break_holder] -->                <\/p>\n<div class=\"entry__field\"><!-- [et_pb_line_break_holder] -->                  <input class=\"input \" maxlength=\"200\" type=\"text\" id=\"NACHNAME\" name=\"NACHNAME\" autocomplete=\"off\" placeholder=\"SURNAME\"><!-- [et_pb_line_break_holder] -->                <\/div>\n<p><!-- [et_pb_line_break_holder] -->              <\/div>\n<p><!-- [et_pb_line_break_holder] --><!-- [et_pb_line_break_holder] -->              <label class=\"entry__error entry__error--primary\" style=\"font-size:16px; text-align:left; font-family:\" helvetica=\"\" sans-serif=\"\" color:=\"\" background-color:=\"\" border-radius:3px=\"\" border-color:=\"\"><!-- [et_pb_line_break_holder] -->              <\/label><!-- [et_pb_line_break_holder] -->            <\/div>\n<p><!-- [et_pb_line_break_holder] -->          <\/div>\n<p><!-- [et_pb_line_break_holder] -->        <\/div>\n<p><!-- [et_pb_line_break_holder] -->        <\/p>\n<div style=\"padding: 8px 0;\"><!-- [et_pb_line_break_holder] -->          <\/p>\n<div class=\"sib-input sib-form-block\"><!-- [et_pb_line_break_holder] -->            <\/p>\n<div class=\"form__entry entry_block\"><!-- [et_pb_line_break_holder] -->              <\/p>\n<div class=\"form__label-row \"><!-- [et_pb_line_break_holder] --><!-- [et_pb_line_break_holder] -->                <\/p>\n<div class=\"entry__field\"><!-- [et_pb_line_break_holder] -->                  <input class=\"input \" type=\"text\" id=\"EMAIL\" name=\"EMAIL\" autocomplete=\"off\" placeholder=\"EMAIL*\" data-required=\"true\" required=\"\"><!-- [et_pb_line_break_holder] -->                <\/div>\n<p><!-- [et_pb_line_break_holder] -->              <\/div>\n<p><!-- [et_pb_line_break_holder] --><!-- [et_pb_line_break_holder] -->              <label class=\"entry__error entry__error--primary\" style=\"font-size:16px; text-align:left; font-family:\" helvetica=\"\" sans-serif=\"\" color:=\"\" background-color:=\"\" border-radius:3px=\"\" border-color:=\"\"><!-- [et_pb_line_break_holder] -->              <\/label><!-- [et_pb_line_break_holder] -->            <\/div>\n<p><!-- [et_pb_line_break_holder] -->          <\/div>\n<p><!-- [et_pb_line_break_holder] -->        <\/div>\n<p><!-- [et_pb_line_break_holder] -->        <\/p>\n<div style=\"padding: 8px 0;\"><!-- [et_pb_line_break_holder] -->          <\/p>\n<div class=\"sib-form__declaration\" style=\"direction:ltr\"><!-- [et_pb_line_break_holder] -->            <\/p>\n<div class=\"declaration-block-icon\"><!-- [et_pb_line_break_holder] -->              <svg class=\"icon__SVG\" width=\"0\" height=\"0\" version=\"1.1\" xmlns=\"http:\/\/www.w3.org\/2000\/svg\"><!-- [et_pb_line_break_holder] -->                <defs><!-- [et_pb_line_break_holder] -->                  <symbol id=\"svgIcon-sphere\" viewbox=\"0 0 63 63\"><!-- [et_pb_line_break_holder] -->                    <path class=\"path1\" d=\"M31.54 0l1.05 3.06 3.385-.01-2.735 1.897 1.05 3.042-2.748-1.886-2.738 1.886 1.044-3.05-2.745-1.897h3.393zm13.97 3.019L46.555 6.4l3.384.01-2.743 2.101 1.048 3.387-2.752-2.1-2.752 2.1 1.054-3.382-2.745-2.105h3.385zm9.998 10.056l1.039 3.382h3.38l-2.751 2.1 1.05 3.382-2.744-2.091-2.743 2.091 1.054-3.381-2.754-2.1h3.385zM58.58 27.1l1.04 3.372h3.379l-2.752 2.096 1.05 3.387-2.744-2.091-2.75 2.092 1.054-3.387-2.747-2.097h3.376zm-3.076 14.02l1.044 3.364h3.385l-2.743 2.09 1.05 3.392-2.744-2.097-2.743 2.097 1.052-3.377-2.752-2.117 3.385-.01zm-9.985 9.91l1.045 3.364h3.393l-2.752 2.09 1.05 3.393-2.745-2.097-2.743 2.097 1.05-3.383-2.751-2.1 3.384-.01zM31.45 55.01l1.044 3.043 3.393-.008-2.752 1.9L34.19 63l-2.744-1.895-2.748 1.891 1.054-3.05-2.743-1.9h3.384zm-13.934-3.98l1.036 3.364h3.402l-2.752 2.09 1.053 3.393-2.747-2.097-2.752 2.097 1.053-3.382-2.743-2.1 3.384-.01zm-9.981-9.91l1.045 3.364h3.398l-2.748 2.09 1.05 3.392-2.753-2.1-2.752 2.096 1.053-3.382-2.743-2.102 3.384-.009zM4.466 27.1l1.038 3.372H8.88l-2.752 2.097 1.053 3.387-2.743-2.09-2.748 2.09 1.053-3.387L0 30.472h3.385zm3.069-14.025l1.045 3.382h3.395L9.23 18.56l1.05 3.381-2.752-2.09-2.752 2.09 1.053-3.381-2.744-2.1h3.384zm9.99-10.056L18.57 6.4l3.393.01-2.743 2.1 1.05 3.373-2.754-2.092-2.751 2.092 1.053-3.382-2.744-2.1h3.384zm24.938 19.394l-10-4.22a2.48 2.48 0 00-1.921 0l-10 4.22A2.529 2.529 0 0019 24.75c0 10.47 5.964 17.705 11.537 20.057a2.48 2.48 0 001.921 0C36.921 42.924 44 36.421 44 24.75a2.532 2.532 0 00-1.537-2.336zm-2.46 6.023l-9.583 9.705a.83.83 0 01-1.177 0l-5.416-5.485a.855.855 0 010-1.192l1.177-1.192a.83.83 0 011.177 0l3.65 3.697 7.819-7.916a.83.83 0 011.177 0l1.177 1.191a.843.843 0 010 1.192z\" fill=\"#0092FF\"><\/path><!-- [et_pb_line_break_holder] -->                  <\/path><\/symbol><!-- [et_pb_line_break_holder] -->                <\/defs><!-- [et_pb_line_break_holder] -->              <\/svg><!-- [et_pb_line_break_holder] -->              <svg class=\"svgIcon-sphere\" style=\"width:63px; height:63px;\"><!-- [et_pb_line_break_holder] -->                <use xlink:href=\"#svgIcon-sphere\"\/><!-- [et_pb_line_break_holder] -->              <\/svg><!-- [et_pb_line_break_holder] -->            <\/div>\n<p><!-- [et_pb_line_break_holder] -->            <\/p>\n<div style=\"font-size:14px; text-align:left; font-family:\" helvetica=\"\" sans-serif=\"\" color:=\"\" background-color:transparent=\"\"><!-- [et_pb_line_break_holder] -->              <pee>We use Brevo as our marketing platform. By completing and submitting the form, you acknowledge that the information you provide will be transferred to Brevo for processing in accordance with the <a href=\"https:\/\/www.brevo.com\/de\/legal\/termsofuse\/\" target=\"_blank\" rel=\"noopener\">Terms of Use<\/a> <\/pee><!-- [et_pb_line_break_holder] -->            <\/div>\n<p><!-- [et_pb_line_break_holder] -->          <\/div>\n<p><!-- [et_pb_line_break_holder] -->        <\/div>\n<p><!-- [et_pb_line_break_holder] -->        <\/p>\n<div style=\"padding: 8px 0;\"><!-- [et_pb_line_break_holder] -->          <\/p>\n<div class=\"sib-optin sib-form-block\" data-required=\"true\"><!-- [et_pb_line_break_holder] -->            <\/p>\n<div class=\"form__entry entry_mcq\"><!-- [et_pb_line_break_holder] -->              <\/p>\n<div class=\"form__label-row \"><!-- [et_pb_line_break_holder] -->                <\/p>\n<div class=\"entry__choice\" style=\"\"><!-- [et_pb_line_break_holder] -->                  <label><!-- [et_pb_line_break_holder] -->                    <input type=\"checkbox\" class=\"input_replaced\" value=\"1\" id=\"OPT_IN\" name=\"OPT_IN\" required=\"\"><!-- [et_pb_line_break_holder] -->                    <span class=\"checkbox checkbox_tick_positive\" style=\"margin-left:0\"><\/span><span style=\"font-size:14px; text-align:left; font-family:\" helvetica=\"\" sans-serif=\"\" color:=\"\" background-color:transparent=\"\"><pee>I would like to receive your newsletter and accept the <a href=\"https:\/\/app.termly.io\/document\/privacy-policy\/1ad8a477-a5ab-40fa-8036-6fe1a907016e\" target=\"_blank\" rel=\"noopener\">privacy policy<\/a>.<\/pee><span data-required=\"*\" style=\"display: inline;\" class=\"entry__label entry__label_optin\"><\/span><\/span> <\/label><!-- [et_pb_line_break_holder] -->                <\/div>\n<p><!-- [et_pb_line_break_holder] -->              <\/div>\n<p><!-- [et_pb_line_break_holder] -->              <label class=\"entry__error entry__error--primary\" style=\"font-size:16px; text-align:left; font-family:\" helvetica=\"\" sans-serif=\"\" color:=\"\" background-color:=\"\" border-radius:3px=\"\" border-color:=\"\"><!-- [et_pb_line_break_holder] -->              <\/label><!-- [et_pb_line_break_holder] -->              <label class=\"entry__specification\" style=\"font-size:12px; text-align:left; font-family:\" helvetica=\"\" sans-serif=\"\" color:=\"\" text-align:left=\"\"><!-- [et_pb_line_break_holder] -->  You can unsubscribe from the newsletter at any time via the link in our newsletter.<!-- [et_pb_line_break_holder] -->              <\/label><!-- [et_pb_line_break_holder] -->            <\/div>\n<p><!-- [et_pb_line_break_holder] -->          <\/div>\n<p><!-- [et_pb_line_break_holder] -->        <\/div>\n<p><!-- [et_pb_line_break_holder] -->        <\/p>\n<div style=\"padding: 8px 0;\"><!-- [et_pb_line_break_holder] -->          <\/p>\n<div class=\"sib-form-block\" style=\"text-align: center\"><!-- [et_pb_line_break_holder] -->            <button class=\"sib-form-block__button sib-form-block__button-with-loader\" style=\"font-size:16px; text-align:center; font-weight:700; font-family:\" helvetica=\"\" sans-serif=\"\" color:=\"\" background-color:=\"\" border-radius:20px=\"\" border-width:0px=\"\" form=\"sib-form\" type=\"submit\"><!-- [et_pb_line_break_holder] -->              <svg class=\"icon clickable__icon progress-indicator__icon sib-hide-loader-icon\" viewbox=\"0 0 512 512\"><!-- [et_pb_line_break_holder] -->                <path d=\"M460.116 373.846l-20.823-12.022c-5.541-3.199-7.54-10.159-4.663-15.874 30.137-59.886 28.343-131.652-5.386-189.946-33.641-58.394-94.896-95.833-161.827-99.676C261.028 55.961 256 50.751 256 44.352V20.309c0-6.904 5.808-12.337 12.703-11.982 83.556 4.306 160.163 50.864 202.11 123.677 42.063 72.696 44.079 162.316 6.031 236.832-3.14 6.148-10.75 8.461-16.728 5.01z\"\/><!-- [et_pb_line_break_holder] -->              <\/svg><!-- [et_pb_line_break_holder] --> REGISTER<!-- [et_pb_line_break_holder] -->            <\/button><!-- [et_pb_line_break_holder] -->          <\/div>\n<p><!-- [et_pb_line_break_holder] -->        <\/div>\n<p><!-- [et_pb_line_break_holder] --><!-- [et_pb_line_break_holder] -->        <input type=\"text\" name=\"email_address_check\" value=\"\" class=\"input--hidden\"><!-- [et_pb_line_break_holder] -->        <input type=\"hidden\" name=\"locale\" value=\"de\"><!-- [et_pb_line_break_holder] -->      <\/form>\n<p><!-- [et_pb_line_break_holder] -->    <\/div>\n<p><!-- [et_pb_line_break_holder] -->  <\/div>\n<p><!-- [et_pb_line_break_holder] --><\/div>\n<p><!-- [et_pb_line_break_holder] --><!-- END - We recommend to place the above code where you want the form in your website html  --><!-- [et_pb_line_break_holder] --><!-- [et_pb_line_break_holder] --><!-- START - We recommend to place the below code in footer or bottom of your website html  --><!-- [et_pb_line_break_holder] --><script><!-- [et_pb_line_break_holder] -->  window.REQUIRED_CODE_ERROR_MESSAGE = 'W\u00e4hlen Sie bitte einen L\u00e4ndervorwahl aus.';<!-- [et_pb_line_break_holder] -->  window.LOCALE = 'de';<!-- [et_pb_line_break_holder] -->  window.EMAIL_INVALID_MESSAGE = window.SMS_INVALID_MESSAGE = \"Deine eingegebenen Informationen sind leider nicht g\u00fcltig. Bitte \u00fcberpr\u00fcfe das Feldformat und versuche es erneut.\";<!-- [et_pb_line_break_holder] --><!-- [et_pb_line_break_holder] -->  window.REQUIRED_ERROR_MESSAGE = \"Dieses Feld darf nicht leer sein. \";<!-- [et_pb_line_break_holder] --><!-- [et_pb_line_break_holder] -->  window.GENERIC_INVALID_MESSAGE = \"Deine eingegebenen Informationen sind leider nicht g\u00fcltig. Bitte \u00fcberpr\u00fcfe das Feldformat und versuche es erneut.\";<!-- [et_pb_line_break_holder] --><!-- [et_pb_line_break_holder] --><!-- [et_pb_line_break_holder] --><!-- [et_pb_line_break_holder] --><!-- [et_pb_line_break_holder] -->  window.translation = {<!-- [et_pb_line_break_holder] -->    common: {<!-- [et_pb_line_break_holder] -->      selectedList: '{quantity} Liste ausgew\u00e4hlt',<!-- [et_pb_line_break_holder] -->      selectedLists: '{quantity} Listen ausgew\u00e4hlt'<!-- [et_pb_line_break_holder] -->    }<!-- [et_pb_line_break_holder] -->  };<!-- [et_pb_line_break_holder] --><!-- [et_pb_line_break_holder] -->  var AUTOHIDE = Boolean(0);<!-- [et_pb_line_break_holder] --><\/script><!-- [et_pb_line_break_holder] --><!-- [et_pb_line_break_holder] --><script defer src=\"https:\/\/sibforms.com\/forms\/end-form\/build\/main.js\"><\/script><!-- [et_pb_line_break_holder] --><!-- [et_pb_line_break_holder] --><!-- [et_pb_line_break_holder] --><!-- END - We recommend to place the above code in footer or bottom of your website html  --><!-- [et_pb_line_break_holder] --><!-- End Brevo Form -->[\/et_pb_code][\/et_pb_column][\/et_pb_row][\/et_pb_section]<\/p>\n","protected":false},"excerpt":{"rendered":"<p>You can find us herequalitype GmbHMoritzburger Weg 67\/House E, 01109 DresdenRegister now!New features, tutorials, user tips and promotional offers:Stay up to date with our monthly newsletter!<\/p>\n","protected":false},"author":6,"featured_media":0,"parent":0,"menu_order":80,"comment_status":"closed","ping_status":"closed","template":"","meta":{"_et_pb_use_builder":"on","_et_pb_old_content":"","_et_gb_content_width":"","footnotes":""},"class_list":["post-23125","page","type-page","status-publish","hentry"],"_links":{"self":[{"href":"https:\/\/samples.app\/en\/wp-json\/wp\/v2\/pages\/23125","targetHints":{"allow":["GET"]}}],"collection":[{"href":"https:\/\/samples.app\/en\/wp-json\/wp\/v2\/pages"}],"about":[{"href":"https:\/\/samples.app\/en\/wp-json\/wp\/v2\/types\/page"}],"author":[{"embeddable":true,"href":"https:\/\/samples.app\/en\/wp-json\/wp\/v2\/users\/6"}],"replies":[{"embeddable":true,"href":"https:\/\/samples.app\/en\/wp-json\/wp\/v2\/comments?post=23125"}],"version-history":[{"count":3,"href":"https:\/\/samples.app\/en\/wp-json\/wp\/v2\/pages\/23125\/revisions"}],"predecessor-version":[{"id":23957,"href":"https:\/\/samples.app\/en\/wp-json\/wp\/v2\/pages\/23125\/revisions\/23957"}],"wp:attachment":[{"href":"https:\/\/samples.app\/en\/wp-json\/wp\/v2\/media?parent=23125"}],"curies":[{"name":"wp","href":"https:\/\/api.w.org\/{rel}","templated":true}]}}