{"id":16948,"date":"2024-12-12T11:15:53","date_gmt":"2024-12-12T10:15:53","guid":{"rendered":"https:\/\/samples.app\/contact-us\/"},"modified":"2026-03-12T16:39:01","modified_gmt":"2026-03-12T15:39:01","slug":"contact-us","status":"publish","type":"page","link":"https:\/\/samples.app\/en\/contact-us\/","title":{"rendered":"Contact"},"content":{"rendered":"<p>[et_pb_section fb_built=&#8221;1&#8243; module_class=&#8221;section-small cta-contact&#8221; _builder_version=&#8221;4.27.4&#8243; _module_preset=&#8221;default&#8221; locked=&#8221;off&#8221; global_colors_info=&#8221;{}&#8221;][et_pb_row module_class=&#8221;row-heading&#8221; _builder_version=&#8221;4.27.4&#8243; _module_preset=&#8221;default&#8221; global_colors_info=&#8221;{}&#8221;][et_pb_column type=&#8221;4_4&#8243; _builder_version=&#8221;4.27.4&#8243; _module_preset=&#8221;default&#8221; global_colors_info=&#8221;{}&#8221;][et_pb_image src=&#8221;https:\/\/samples.app\/wp-content\/uploads\/2023\/09\/kontaktfoto-website-isabell-v3-300&#215;300.png&#8221; title_text=&#8221;contact-photo-website-isabell-v3&#8243; align=&#8221;center&#8221; module_class=&#8221;avatar&#8221; _builder_version=&#8221;4.27.4&#8243; _module_preset=&#8221;default&#8221; global_colors_info=&#8221;{}&#8221;][\/et_pb_image][et_pb_text module_class=&#8221;subtitle&#8221; _builder_version=&#8221;4.27.4&#8243; _module_preset=&#8221;default&#8221; global_colors_info=&#8221;{}&#8221;]<\/p>\n<p style=\"text-align: center;\">Dr. Isabell Hilger<\/p>\n<p>[\/et_pb_text][et_pb_text module_class=&#8221;heading&#8221; _builder_version=&#8221;4.27.4&#8243; _module_preset=&#8221;default&#8221; global_colors_info=&#8221;{}&#8221;]<\/p>\n<h1 style=\"text-align: center;\">Come and talk to us!<\/h1>\n<p>[\/et_pb_text][et_pb_text module_class=&#8221;description&#8221; _builder_version=&#8221;4.27.4&#8243; _module_preset=&#8221;default&#8221; global_colors_info=&#8221;{}&#8221;]<\/p>\n<p style=\"text-align: center;\">Do you have any questions or would you like to find out more about SAMPLES? I look forward to exchanging ideas with you. <\/p>\n<p>[\/et_pb_text][\/et_pb_column][\/et_pb_row][et_pb_row _builder_version=&#8221;4.27.4&#8243; _module_preset=&#8221;default&#8221; global_colors_info=&#8221;{}&#8221;][et_pb_column type=&#8221;4_4&#8243; _builder_version=&#8221;4.27.4&#8243; _module_preset=&#8221;default&#8221; global_colors_info=&#8221;{}&#8221;][et_pb_code raw_content_last_edited=&#8221;off|desktop&#8221; _builder_version=&#8221;4.27.6&#8243; _module_preset=&#8221;default&#8221; width=&#8221;100%&#8221; max_width=&#8221;100%&#8221; module_alignment=&#8221;center&#8221; custom_margin=&#8221;|0px||0px|false|false&#8221; custom_padding=&#8221;|0px||0px|false|false&#8221; hover_enabled=&#8221;0&#8243; saved_tabs=&#8221;all&#8221; global_colors_info=&#8221;{}&#8221; sticky_enabled=&#8221;0&#8243;]<!-- Begin Brevo Form --><!-- [et_pb_line_break_holder] --><!-- START - We recommend to place the below code in head tag of your website html  --><!-- [et_pb_line_break_holder] --><\/p>\n<style><!-- [et_pb_line_break_holder] -->  @font-face {<!-- [et_pb_line_break_holder] -->    font-display: block;<!-- [et_pb_line_break_holder] -->    font-family: Roboto;<!-- [et_pb_line_break_holder] -->    src: url(https:\/\/assets.brevo.com\/font\/Roboto\/Latin\/normal\/normal\/7529907e9eaf8ebb5220c5f9850e3811.woff2) format(\"woff2\"), url(https:\/\/assets.brevo.com\/font\/Roboto\/Latin\/normal\/normal\/25c678feafdc175a70922a116c9be3e7.woff) format(\"woff\")<!-- [et_pb_line_break_holder] -->  }<!-- [et_pb_line_break_holder] --><!-- [et_pb_line_break_holder] -->  @font-face {<!-- [et_pb_line_break_holder] -->    font-display: fallback;<!-- [et_pb_line_break_holder] -->    font-family: Roboto;<!-- [et_pb_line_break_holder] -->    font-weight: 600;<!-- [et_pb_line_break_holder] -->    src: url(https:\/\/assets.brevo.com\/font\/Roboto\/Latin\/medium\/normal\/6e9caeeafb1f3491be3e32744bc30440.woff2) format(\"woff2\"), url(https:\/\/assets.brevo.com\/font\/Roboto\/Latin\/medium\/normal\/71501f0d8d5aa95960f6475d5487d4c2.woff) format(\"woff\")<!-- [et_pb_line_break_holder] -->  }<!-- [et_pb_line_break_holder] --><!-- [et_pb_line_break_holder] -->  @font-face {<!-- [et_pb_line_break_holder] -->    font-display: fallback;<!-- [et_pb_line_break_holder] -->    font-family: Roboto;<!-- [et_pb_line_break_holder] -->    font-weight: 700;<!-- [et_pb_line_break_holder] -->    src: url(https:\/\/assets.brevo.com\/font\/Roboto\/Latin\/bold\/normal\/3ef7cf158f310cf752d5ad08cd0e7e60.woff2) format(\"woff2\"), url(https:\/\/assets.brevo.com\/font\/Roboto\/Latin\/bold\/normal\/ece3a1d82f18b60bcce0211725c476aa.woff) format(\"woff\")<!-- [et_pb_line_break_holder] -->  }<!-- [et_pb_line_break_holder] --><!-- [et_pb_line_break_holder] -->  #sib-container input:-ms-input-placeholder {<!-- [et_pb_line_break_holder] -->    text-align: left;<!-- [et_pb_line_break_holder] -->    font-family: Helvetica, sans-serif;<!-- [et_pb_line_break_holder] -->    color: #c0ccda;<!-- [et_pb_line_break_holder] -->  }<!-- [et_pb_line_break_holder] --><!-- [et_pb_line_break_holder] -->  #sib-container input::placeholder {<!-- [et_pb_line_break_holder] -->    text-align: left;<!-- [et_pb_line_break_holder] -->    font-family: Helvetica, sans-serif;<!-- [et_pb_line_break_holder] -->    color: #c0ccda;<!-- [et_pb_line_break_holder] -->  }<!-- [et_pb_line_break_holder] --><!-- [et_pb_line_break_holder] -->  #sib-container textarea::placeholder {<!-- [et_pb_line_break_holder] -->    text-align: left;<!-- [et_pb_line_break_holder] -->    font-family: Helvetica, sans-serif;<!-- [et_pb_line_break_holder] -->    color: #c0ccda;<!-- [et_pb_line_break_holder] -->  }<!-- [et_pb_line_break_holder] --><!-- [et_pb_line_break_holder] -->  #sib-container a {<!-- [et_pb_line_break_holder] -->    text-decoration: underline;<!-- [et_pb_line_break_holder] -->    color: #2BB2FC;<!-- [et_pb_line_break_holder] -->  }<!-- [et_pb_line_break_holder] --><\/style>\n<p><!-- [et_pb_line_break_holder] --><link rel=\"stylesheet\" href=\"https:\/\/sibforms.com\/forms\/end-form\/build\/sib-styles.css\"><!-- [et_pb_line_break_holder] --><!--  END - We recommend to place the above code in head tag of your website html --><!-- [et_pb_line_break_holder] --><!-- [et_pb_line_break_holder] --><!-- START - We recommend to place the below code where you want the form in your website html  --><!-- [et_pb_line_break_holder] --><\/p>\n<div class=\"sib-form\" style=\"text-align: center;<!-- [et_pb_line_break_holder] -->         background-color: transparent;                                 &#8220;><!-- [et_pb_line_break_holder] -->  <\/p>\n<div id=\"sib-form-container\" class=\"sib-form-container\"><!-- [et_pb_line_break_holder] -->    <\/p>\n<div id=\"error-message\" class=\"sib-form-message-panel\" style=\"font-size:16px; text-align:left; font-family:Helvetica, sans-serif; color:#661d1d; background-color:#ffeded; border-radius:3px; border-color:#ff4949;max-width:540px;\"><!-- [et_pb_line_break_holder] -->      <\/p>\n<div class=\"sib-form-message-panel__text sib-form-message-panel__text--center\"><!-- [et_pb_line_break_holder] -->        <svg viewBox=\"0 0 512 512\" class=\"sib-icon sib-notification__icon\"><!-- [et_pb_line_break_holder] -->          <path d=\"M256 40c118.621 0 216 96.075 216 216 0 119.291-96.61 216-216 216-119.244 0-216-96.562-216-216 0-119.203 96.602-216 216-216m0-32C119.043 8 8 119.083 8 256c0 136.997 111.043 248 248 248s248-111.003 248-248C504 119.083 392.957 8 256 8zm-11.49 120h22.979c6.823 0 12.274 5.682 11.99 12.5l-7 168c-.268 6.428-5.556 11.5-11.99 11.5h-8.979c-6.433 0-11.722-5.073-11.99-11.5l-7-168c-.283-6.818 5.167-12.5 11.99-12.5zM256 340c-15.464 0-28 12.536-28 28s12.536 28 28 28 28-12.536 28-28-12.536-28-28-28z\" \/><!-- [et_pb_line_break_holder] -->        <\/svg><!-- [et_pb_line_break_holder] -->        <span class=\"sib-form-message-panel__inner-text\"><!-- [et_pb_line_break_holder] -->                          Your message could not be saved. Please try again.<!-- [et_pb_line_break_holder] -->                      <\/span><!-- [et_pb_line_break_holder] -->      <\/div>\n<p><!-- [et_pb_line_break_holder] -->    <\/div>\n<p><!-- [et_pb_line_break_holder] -->    <\/p>\n<div><\/div>\n<p><!-- [et_pb_line_break_holder] -->    <\/p>\n<div id=\"success-message\" class=\"sib-form-message-panel\" style=\"font-size:16px; text-align:left; font-family:Helvetica, sans-serif; color:#085229; background-color:#e7faf0; border-radius:3px; border-color:#13ce66;max-width:540px;\"><!-- [et_pb_line_break_holder] -->      <\/p>\n<div class=\"sib-form-message-panel__text sib-form-message-panel__text--center\"><!-- [et_pb_line_break_holder] -->        <svg viewBox=\"0 0 512 512\" class=\"sib-icon sib-notification__icon\"><!-- [et_pb_line_break_holder] -->          <path d=\"M256 8C119.033 8 8 119.033 8 256s111.033 248 248 248 248-111.033 248-248S392.967 8 256 8zm0 464c-118.664 0-216-96.055-216-216 0-118.663 96.055-216 216-216 118.664 0 216 96.055 216 216 0 118.663-96.055 216-216 216zm141.63-274.961L217.15 376.071c-4.705 4.667-12.303 4.637-16.97-.068l-85.878-86.572c-4.667-4.705-4.637-12.303.068-16.97l8.52-8.451c4.705-4.667 12.303-4.637 16.97.068l68.976 69.533 163.441-162.13c4.705-4.667 12.303-4.637 16.97.068l8.451 8.52c4.668 4.705 4.637 12.303-.068 16.97z\" \/><!-- [et_pb_line_break_holder] -->        <\/svg><!-- [et_pb_line_break_holder] -->        <span class=\"sib-form-message-panel__inner-text\"><!-- [et_pb_line_break_holder] -->                          Perfect! Your message has reached us. We will get back to you shortly.<!-- [et_pb_line_break_holder] -->                      <\/span><!-- [et_pb_line_break_holder] -->      <\/div>\n<p><!-- [et_pb_line_break_holder] -->    <\/div>\n<p><!-- [et_pb_line_break_holder] -->    <\/p>\n<div><\/div>\n<p><!-- [et_pb_line_break_holder] -->    <\/p>\n<div id=\"sib-container\" class=\"sib-container--large sib-container--vertical\" style=\"text-align:center; background-color:rgba(255,255,255,1); max-width:540px; border-radius:10px; border-width:2px; border-color:#7450b1; border-style:solid; direction:ltr\"><!-- [et_pb_line_break_holder] -->      <\/p>\n<form id=\"sib-form\" method=\"POST\" action=\"https:\/\/3650981a.sibforms.com\/serve\/MUIFACK6VywO7T801WP1a4pS-BtULBbtIdkTix9_UTmG2r6j-n4hNLEOHVdgS1o8hS00d9uUXA91dLQ5ywPpzrsL_SfmODKi44_I4RmCzphuQIQKfrBGwnaYEbfmE0mMnQGKEabD99ASOeoVndWiyGE9SDH-rnWnVWj95slNUhJkL19VceEEtU8pnERv68Uhv-6bnYbgiuFHCBZm\" data-type=\"subscription\"><!-- [et_pb_line_break_holder] -->        <\/p>\n<div style=\"padding: 8px 0;\"><!-- [et_pb_line_break_holder] -->          <\/p>\n<div class=\"sib-input sib-form-block\"><!-- [et_pb_line_break_holder] -->            <\/p>\n<div class=\"form__entry entry_block\"><!-- [et_pb_line_break_holder] -->              <\/p>\n<div class=\"form__label-row \"><!-- [et_pb_line_break_holder] --><!-- [et_pb_line_break_holder] -->                <\/p>\n<div class=\"entry__field\"><!-- [et_pb_line_break_holder] -->                  <input class=\"input \" maxlength=\"200\" type=\"text\" id=\"VORNAME\" name=\"VORNAME\" autocomplete=\"off\" placeholder=\"FIRST NAME*\" data-required=\"true\" required \/><!-- [et_pb_line_break_holder] -->                <\/div>\n<p><!-- [et_pb_line_break_holder] -->              <\/div>\n<p><!-- [et_pb_line_break_holder] --><!-- [et_pb_line_break_holder] -->              <label class=\"entry__error entry__error--primary\" style=\"font-size:16px; text-align:left; font-family:Helvetica, sans-serif; color:#661d1d; background-color:#ffeded; border-radius:3px; border-color:#ff4949;\"><!-- [et_pb_line_break_holder] -->              <\/label><!-- [et_pb_line_break_holder] -->            <\/div>\n<p><!-- [et_pb_line_break_holder] -->          <\/div>\n<p><!-- [et_pb_line_break_holder] -->        <\/div>\n<p><!-- [et_pb_line_break_holder] -->        <\/p>\n<div style=\"padding: 8px 0;\"><!-- [et_pb_line_break_holder] -->          <\/p>\n<div class=\"sib-input sib-form-block\"><!-- [et_pb_line_break_holder] -->            <\/p>\n<div class=\"form__entry entry_block\"><!-- [et_pb_line_break_holder] -->              <\/p>\n<div class=\"form__label-row \"><!-- [et_pb_line_break_holder] --><!-- [et_pb_line_break_holder] -->                <\/p>\n<div class=\"entry__field\"><!-- [et_pb_line_break_holder] -->                  <input class=\"input \" maxlength=\"200\" type=\"text\" id=\"NACHNAME\" name=\"NACHNAME\" autocomplete=\"off\" placeholder=\"SURNAME*\" data-required=\"true\" required \/><!-- [et_pb_line_break_holder] -->                <\/div>\n<p><!-- [et_pb_line_break_holder] -->              <\/div>\n<p><!-- [et_pb_line_break_holder] --><!-- [et_pb_line_break_holder] -->              <label class=\"entry__error entry__error--primary\" style=\"font-size:16px; text-align:left; font-family:Helvetica, sans-serif; color:#661d1d; background-color:#ffeded; border-radius:3px; border-color:#ff4949;\"><!-- [et_pb_line_break_holder] -->              <\/label><!-- [et_pb_line_break_holder] -->            <\/div>\n<p><!-- [et_pb_line_break_holder] -->          <\/div>\n<p><!-- [et_pb_line_break_holder] -->        <\/div>\n<p><!-- [et_pb_line_break_holder] -->        <\/p>\n<div style=\"padding: 8px 0;\"><!-- [et_pb_line_break_holder] -->          <\/p>\n<div class=\"sib-input sib-form-block\"><!-- [et_pb_line_break_holder] -->            <\/p>\n<div class=\"form__entry entry_block\"><!-- [et_pb_line_break_holder] -->              <\/p>\n<div class=\"form__label-row \"><!-- [et_pb_line_break_holder] --><!-- [et_pb_line_break_holder] -->                <\/p>\n<div class=\"entry__field\"><!-- [et_pb_line_break_holder] -->                  <input class=\"input \" type=\"text\" id=\"EMAIL\" name=\"EMAIL\" autocomplete=\"off\" placeholder=\"MAIL*\" data-required=\"true\" required \/><!-- [et_pb_line_break_holder] -->                <\/div>\n<p><!-- [et_pb_line_break_holder] -->              <\/div>\n<p><!-- [et_pb_line_break_holder] --><!-- [et_pb_line_break_holder] -->              <label class=\"entry__error entry__error--primary\" style=\"font-size:16px; text-align:left; font-family:Helvetica, sans-serif; color:#661d1d; background-color:#ffeded; border-radius:3px; border-color:#ff4949;\"><!-- [et_pb_line_break_holder] -->              <\/label><!-- [et_pb_line_break_holder] -->            <\/div>\n<p><!-- [et_pb_line_break_holder] -->          <\/div>\n<p><!-- [et_pb_line_break_holder] -->        <\/div>\n<p><!-- [et_pb_line_break_holder] -->        <\/p>\n<div style=\"padding: 8px 0;\"><!-- [et_pb_line_break_holder] -->          <\/p>\n<div class=\"sib-input sib-form-block\"><!-- [et_pb_line_break_holder] -->            <\/p>\n<div class=\"form__entry entry_block\"><!-- [et_pb_line_break_holder] -->              <\/p>\n<div class=\"form__label-row \"><!-- [et_pb_line_break_holder] --><!-- [et_pb_line_break_holder] -->                <\/p>\n<div class=\"entry__field\"><!-- [et_pb_line_break_holder] -->                  <textarea rows=\"2\" class=\"input \" maxlength=\"500\" id=\"KONTAKTFELDEINGABE\" name=\"KONTAKTFELDEINGABE\" autocomplete=\"off\" placeholder=\"YOUR MESSAGE*\" data-required=\"true\" required><\/textarea><!-- [et_pb_line_break_holder] -->                <\/div>\n<p><!-- [et_pb_line_break_holder] -->              <\/div>\n<p><!-- [et_pb_line_break_holder] --><!-- [et_pb_line_break_holder] -->              <label class=\"entry__error entry__error--primary\" style=\"font-size:16px; text-align:left; font-family:Helvetica, sans-serif; color:#661d1d; background-color:#ffeded; border-radius:3px; border-color:#ff4949;\"><!-- [et_pb_line_break_holder] -->              <\/label><!-- [et_pb_line_break_holder] -->            <\/div>\n<p><!-- [et_pb_line_break_holder] -->          <\/div>\n<p><!-- [et_pb_line_break_holder] -->        <\/div>\n<p><!-- [et_pb_line_break_holder] -->        <\/p>\n<div style=\"padding: 8px 0;\"><!-- [et_pb_line_break_holder] -->          <\/p>\n<div class=\"sib-form-block\" style=\"text-align: center\"><!-- [et_pb_line_break_holder] -->            <button class=\"sib-form-block__button sib-form-block__button-with-loader\" style=\"font-size:16px; text-align:center; font-weight:700; font-family:Helvetica, sans-serif; color:#FFFFFF; background-color:#059fe4; border-radius:20px; border-width:0px;\" form=\"sib-form\" type=\"submit\"><!-- [et_pb_line_break_holder] -->              <svg class=\"icon clickable__icon progress-indicator__icon sib-hide-loader-icon\" viewBox=\"0 0 512 512\" style=\"\"><!-- [et_pb_line_break_holder] -->                <path d=\"M460.116 373.846l-20.823-12.022c-5.541-3.199-7.54-10.159-4.663-15.874 30.137-59.886 28.343-131.652-5.386-189.946-33.641-58.394-94.896-95.833-161.827-99.676C261.028 55.961 256 50.751 256 44.352V20.309c0-6.904 5.808-12.337 12.703-11.982 83.556 4.306 160.163 50.864 202.11 123.677 42.063 72.696 44.079 162.316 6.031 236.832-3.14 6.148-10.75 8.461-16.728 5.01z\" \/><!-- [et_pb_line_break_holder] -->              <\/svg><!-- [et_pb_line_break_holder] -->              SEND<!-- [et_pb_line_break_holder] -->            <\/button><!-- [et_pb_line_break_holder] -->          <\/div>\n<p><!-- [et_pb_line_break_holder] -->        <\/div>\n<p><!-- [et_pb_line_break_holder] --><!-- [et_pb_line_break_holder] -->        <input type=\"text\" name=\"email_address_check\" value=\"\" class=\"input--hidden\"><!-- [et_pb_line_break_holder] -->        <input type=\"hidden\" name=\"locale\" value=\"de\"><!-- [et_pb_line_break_holder] -->      <\/form>\n<p><!-- [et_pb_line_break_holder] -->    <\/div>\n<p><!-- [et_pb_line_break_holder] -->  <\/div>\n<p><!-- [et_pb_line_break_holder] --><\/div>\n<p><!-- [et_pb_line_break_holder] --><!-- END - We recommend to place the above code where you want the form in your website html  --><!-- [et_pb_line_break_holder] --><!-- [et_pb_line_break_holder] --><!-- START - We recommend to place the below code in footer or bottom of your website html  --><!-- [et_pb_line_break_holder] --><script><!-- [et_pb_line_break_holder] -->  window.REQUIRED_CODE_ERROR_MESSAGE = 'W\u00e4hle bitte einen L\u00e4ndervorwahl aus.';<!-- [et_pb_line_break_holder] -->  window.LOCALE = 'de';<!-- [et_pb_line_break_holder] -->  window.EMAIL_INVALID_MESSAGE = window.SMS_INVALID_MESSAGE = \"Unfortunately, the information you entered is not valid. Please check the field format and try again.\";<!-- [et_pb_line_break_holder] --><!-- [et_pb_line_break_holder] -->  window.REQUIRED_ERROR_MESSAGE = \"This field is required. \";<!-- [et_pb_line_break_holder] --><!-- [et_pb_line_break_holder] -->  window.GENERIC_INVALID_MESSAGE = \"Unfortunately, the information you entered is not valid. Please check the field format and try again.\";<!-- [et_pb_line_break_holder] --><!-- [et_pb_line_break_holder] --><!-- [et_pb_line_break_holder] --><!-- [et_pb_line_break_holder] --><!-- [et_pb_line_break_holder] -->  window.translation = {<!-- [et_pb_line_break_holder] -->    common: {<!-- [et_pb_line_break_holder] -->      selectedList: '{quantity} Liste ausgew\u00e4hlt',<!-- [et_pb_line_break_holder] -->      selectedLists: '{quantity} Listen ausgew\u00e4hlt',<!-- [et_pb_line_break_holder] -->      selectedOption: '{quantity} ausgew\u00e4hlt',<!-- [et_pb_line_break_holder] -->      selectedOptions: '{quantity} ausgew\u00e4hlt',<!-- [et_pb_line_break_holder] -->    }<!-- [et_pb_line_break_holder] -->  };<!-- [et_pb_line_break_holder] --><!-- [et_pb_line_break_holder] -->  var AUTOHIDE = Boolean(0);<!-- [et_pb_line_break_holder] --><\/script><!-- [et_pb_line_break_holder] --><!-- [et_pb_line_break_holder] --><script defer src=\"https:\/\/sibforms.com\/forms\/end-form\/build\/main.js\"><\/script><!-- [et_pb_line_break_holder] --><!-- [et_pb_line_break_holder] --><!-- [et_pb_line_break_holder] --><!-- END - We recommend to place the above code in footer or bottom of your website html  --><!-- [et_pb_line_break_holder] --><!-- End Brevo Form -->[\/et_pb_code][\/et_pb_column][\/et_pb_row][\/et_pb_section]<\/p>\n","protected":false},"excerpt":{"rendered":"<p>Dr. Isabell HilgerCome and talk to us!Do you have any questions or would you like to find out more about SAMPLES? I look forward to exchanging ideas with you.<\/p>\n","protected":false},"author":6,"featured_media":0,"parent":0,"menu_order":80,"comment_status":"closed","ping_status":"closed","template":"","meta":{"_et_pb_use_builder":"on","_et_pb_old_content":"","_et_gb_content_width":"","footnotes":""},"class_list":["post-16948","page","type-page","status-publish","hentry"],"_links":{"self":[{"href":"https:\/\/samples.app\/en\/wp-json\/wp\/v2\/pages\/16948","targetHints":{"allow":["GET"]}}],"collection":[{"href":"https:\/\/samples.app\/en\/wp-json\/wp\/v2\/pages"}],"about":[{"href":"https:\/\/samples.app\/en\/wp-json\/wp\/v2\/types\/page"}],"author":[{"embeddable":true,"href":"https:\/\/samples.app\/en\/wp-json\/wp\/v2\/users\/6"}],"replies":[{"embeddable":true,"href":"https:\/\/samples.app\/en\/wp-json\/wp\/v2\/comments?post=16948"}],"version-history":[{"count":19,"href":"https:\/\/samples.app\/en\/wp-json\/wp\/v2\/pages\/16948\/revisions"}],"predecessor-version":[{"id":23866,"href":"https:\/\/samples.app\/en\/wp-json\/wp\/v2\/pages\/16948\/revisions\/23866"}],"wp:attachment":[{"href":"https:\/\/samples.app\/en\/wp-json\/wp\/v2\/media?parent=16948"}],"curies":[{"name":"wp","href":"https:\/\/api.w.org\/{rel}","templated":true}]}}